{"id":15,"date":"2026-03-25T08:49:59","date_gmt":"2026-03-25T07:49:59","guid":{"rendered":"https:\/\/ifmpe.hopeafricaci.org\/?page_id=15"},"modified":"2026-04-18T17:52:11","modified_gmt":"2026-04-18T15:52:11","slug":"activites","status":"publish","type":"page","link":"https:\/\/ifmpe.hopeafricaci.org\/?page_id=15","title":{"rendered":"Activit\u00e9s"},"content":{"rendered":"\t\t<div data-elementor-type=\"wp-page\" data-elementor-id=\"15\" class=\"elementor elementor-15\" data-elementor-post-type=\"page\">\n\t\t\t\t\t\t<section class=\"elementor-section elementor-top-section elementor-element elementor-element-11edd7d4 elementor-section-boxed elementor-section-height-default elementor-section-height-default\" data-id=\"11edd7d4\" data-element_type=\"section\" data-e-type=\"section\" data-settings=\"{&quot;background_background&quot;:&quot;classic&quot;}\">\n\t\t\t\t\t\t\t<div class=\"elementor-background-overlay\"><\/div>\n\t\t\t\t\t\t\t<div class=\"elementor-container elementor-column-gap-no\">\n\t\t\t\t\t<div class=\"elementor-column elementor-col-100 elementor-top-column elementor-element elementor-element-371e4cd4\" data-id=\"371e4cd4\" data-element_type=\"column\" data-e-type=\"column\">\n\t\t\t<div class=\"elementor-widget-wrap elementor-element-populated\">\n\t\t\t\t\t\t<div class=\"elementor-element elementor-element-7bce8728 elementor-widget elementor-widget-heading\" data-id=\"7bce8728\" data-element_type=\"widget\" data-e-type=\"widget\" data-widget_type=\"heading.default\">\n\t\t\t\t\t<h1 class=\"elementor-heading-title elementor-size-default\">Activit\u00e9s<\/h1>\t\t\t\t<\/div>\n\t\t\t\t<div class=\"elementor-element elementor-element-2a83dab9 elementor-icon-list--layout-inline elementor-list-item-link-inline elementor-align-center elementor-widget elementor-widget-icon-list\" data-id=\"2a83dab9\" data-element_type=\"widget\" data-e-type=\"widget\" data-widget_type=\"icon-list.default\">\n\t\t\t\t\t\t\t<ul class=\"elementor-icon-list-items elementor-inline-items\">\n\t\t\t\t\t\t\t<li class=\"elementor-icon-list-item elementor-inline-item\">\n\t\t\t\t\t\t\t\t\t\t\t<a href=\"#\">\n\n\t\t\t\t\t\t\t\t\t\t\t\t<span class=\"elementor-icon-list-icon\">\n\t\t\t\t\t\t\t<i aria-hidden=\"true\" class=\"icon icon-home\"><\/i>\t\t\t\t\t\t<\/span>\n\t\t\t\t\t\t\t\t\t\t<span class=\"elementor-icon-list-text\">Accueil<\/span>\n\t\t\t\t\t\t\t\t\t\t\t<\/a>\n\t\t\t\t\t\t\t\t\t<\/li>\n\t\t\t\t\t\t\t\t<li class=\"elementor-icon-list-item elementor-inline-item\">\n\t\t\t\t\t\t\t\t\t\t<span class=\"elementor-icon-list-text\">\/<\/span>\n\t\t\t\t\t\t\t\t\t<\/li>\n\t\t\t\t\t\t\t\t<li class=\"elementor-icon-list-item elementor-inline-item\">\n\t\t\t\t\t\t\t\t\t\t<span class=\"elementor-icon-list-text\">Activit\u00e9s<\/span>\n\t\t\t\t\t\t\t\t\t<\/li>\n\t\t\t\t\t\t<\/ul>\n\t\t\t\t\t\t<\/div>\n\t\t\t\t\t<\/div>\n\t\t<\/div>\n\t\t\t\t\t<\/div>\n\t\t<\/section>\n\t\t\t\t<section class=\"elementor-section elementor-top-section elementor-element elementor-element-5d8b3d43 elementor-section-boxed elementor-section-height-default elementor-section-height-default\" data-id=\"5d8b3d43\" data-element_type=\"section\" data-e-type=\"section\">\n\t\t\t\t\t\t<div class=\"elementor-container elementor-column-gap-no\">\n\t\t\t\t\t<div class=\"elementor-column elementor-col-100 elementor-top-column elementor-element elementor-element-18ffb760\" data-id=\"18ffb760\" data-element_type=\"column\" data-e-type=\"column\">\n\t\t\t<div class=\"elementor-widget-wrap elementor-element-populated\">\n\t\t\t\t\t\t<section class=\"elementor-section elementor-inner-section elementor-element elementor-element-705935bd elementor-section-boxed elementor-section-height-default elementor-section-height-default\" data-id=\"705935bd\" data-element_type=\"section\" data-e-type=\"section\">\n\t\t\t\t\t\t<div class=\"elementor-container elementor-column-gap-default\">\n\t\t\t\t\t<div class=\"elementor-column elementor-col-100 elementor-inner-column elementor-element elementor-element-68863a9e\" data-id=\"68863a9e\" data-element_type=\"column\" data-e-type=\"column\">\n\t\t\t<div class=\"elementor-widget-wrap elementor-element-populated\">\n\t\t\t\t\t\t<div class=\"elementor-element elementor-element-681b0473 elementor-invisible elementor-widget elementor-widget-heading\" data-id=\"681b0473\" data-element_type=\"widget\" data-e-type=\"widget\" data-settings=\"{&quot;_animation&quot;:&quot;fadeInUp&quot;,&quot;_animation_delay&quot;:&quot;500&quot;}\" data-widget_type=\"heading.default\">\n\t\t\t\t\t<span class=\"elementor-heading-title elementor-size-default\">Nos domaines d\u2019intervention<\/span>\t\t\t\t<\/div>\n\t\t\t\t<div class=\"elementor-element elementor-element-61616785 elementor-widget__width-initial elementor-invisible elementor-widget elementor-widget-heading\" data-id=\"61616785\" data-element_type=\"widget\" data-e-type=\"widget\" data-settings=\"{&quot;_animation&quot;:&quot;fadeInUp&quot;,&quot;_animation_delay&quot;:&quot;600&quot;}\" data-widget_type=\"heading.default\">\n\t\t\t\t\t<h2 class=\"elementor-heading-title elementor-size-default\">Des actions concr\u00e8tes au service des communaut\u00e9s<\/h2>\t\t\t\t<\/div>\n\t\t\t\t\t<\/div>\n\t\t<\/div>\n\t\t\t\t\t<\/div>\n\t\t<\/section>\n\t\t\t\t<section class=\"elementor-section elementor-inner-section elementor-element elementor-element-cfbc337 elementor-section-boxed elementor-section-height-default elementor-section-height-default\" data-id=\"cfbc337\" data-element_type=\"section\" data-e-type=\"section\">\n\t\t\t\t\t\t<div class=\"elementor-container elementor-column-gap-no\">\n\t\t\t\t\t<div class=\"elementor-column elementor-col-33 elementor-inner-column elementor-element elementor-element-ba24013 elementor-invisible\" data-id=\"ba24013\" data-element_type=\"column\" data-e-type=\"column\" data-settings=\"{&quot;background_background&quot;:&quot;classic&quot;,&quot;animation&quot;:&quot;fadeInUp&quot;,&quot;animation_delay&quot;:&quot;500&quot;}\">\n\t\t\t<div class=\"elementor-widget-wrap elementor-element-populated\">\n\t\t\t\t\t<div class=\"elementor-background-overlay\"><\/div>\n\t\t\t\t\t\t<div class=\"elementor-element elementor-element-fba88ba elementor-widget elementor-widget-image\" data-id=\"fba88ba\" data-element_type=\"widget\" data-e-type=\"widget\" data-widget_type=\"image.default\">\n\t\t\t\t\t\t\t\t\t\t\t\t\t\t\t<img fetchpriority=\"high\" decoding=\"async\" width=\"2497\" height=\"1793\" src=\"https:\/\/ifmpe.hopeafricaci.org\/wp-content\/uploads\/2026\/03\/village-life-locals-gather-around-for-water-collec-2026-03-25-05-52-12-utc-1-1.jpg\" class=\"attachment-full size-full wp-image-217\" alt=\"\" srcset=\"https:\/\/ifmpe.hopeafricaci.org\/wp-content\/uploads\/2026\/03\/village-life-locals-gather-around-for-water-collec-2026-03-25-05-52-12-utc-1-1.jpg 2497w, https:\/\/ifmpe.hopeafricaci.org\/wp-content\/uploads\/2026\/03\/village-life-locals-gather-around-for-water-collec-2026-03-25-05-52-12-utc-1-1-300x215.jpg 300w, https:\/\/ifmpe.hopeafricaci.org\/wp-content\/uploads\/2026\/03\/village-life-locals-gather-around-for-water-collec-2026-03-25-05-52-12-utc-1-1-1024x735.jpg 1024w, https:\/\/ifmpe.hopeafricaci.org\/wp-content\/uploads\/2026\/03\/village-life-locals-gather-around-for-water-collec-2026-03-25-05-52-12-utc-1-1-768x551.jpg 768w, https:\/\/ifmpe.hopeafricaci.org\/wp-content\/uploads\/2026\/03\/village-life-locals-gather-around-for-water-collec-2026-03-25-05-52-12-utc-1-1-1536x1103.jpg 1536w, https:\/\/ifmpe.hopeafricaci.org\/wp-content\/uploads\/2026\/03\/village-life-locals-gather-around-for-water-collec-2026-03-25-05-52-12-utc-1-1-2048x1471.jpg 2048w\" sizes=\"(max-width: 2497px) 100vw, 2497px\" \/>\t\t\t\t\t\t\t\t\t\t\t\t\t\t\t<\/div>\n\t\t\t\t<div class=\"elementor-element elementor-element-48108a4 elementor-widget elementor-widget-heading\" data-id=\"48108a4\" data-element_type=\"widget\" data-e-type=\"widget\" data-widget_type=\"heading.default\">\n\t\t\t\t\t<h5 class=\"elementor-heading-title elementor-size-default\">Action sociale et aide communautaire<\/h5>\t\t\t\t<\/div>\n\t\t\t\t<div class=\"elementor-element elementor-element-d8134da elementor-widget elementor-widget-text-editor\" data-id=\"d8134da\" data-element_type=\"widget\" data-e-type=\"widget\" data-widget_type=\"text-editor.default\">\n\t\t\t\t\t\t\t\t\t<p>Nous mettons en place des initiatives solidaires pour soutenir les populations vuln\u00e9rables \u00e0 travers des programmes d\u2019assistance, de coh\u00e9sion sociale et de d\u00e9veloppement local.<\/p>\t\t\t\t\t\t\t\t<\/div>\n\t\t\t\t<div class=\"elementor-element elementor-element-82d9568 elementor-align-center elementor-invisible elementor-widget elementor-widget-button\" data-id=\"82d9568\" data-element_type=\"widget\" data-e-type=\"widget\" data-settings=\"{&quot;_animation&quot;:&quot;fadeInUp&quot;,&quot;_animation_delay&quot;:&quot;800&quot;}\" data-widget_type=\"button.default\">\n\t\t\t\t\t\t\t\t\t\t<a class=\"elementor-button elementor-button-link elementor-size-sm\" href=\"https:\/\/ifmpe.hopeafricaci.org\/?page_id=19\">\n\t\t\t\t\t\t<span class=\"elementor-button-content-wrapper\">\n\t\t\t\t\t\t\t\t\t<span class=\"elementor-button-text\">En savoir plus<\/span>\n\t\t\t\t\t<\/span>\n\t\t\t\t\t<\/a>\n\t\t\t\t\t\t\t\t<\/div>\n\t\t\t\t\t<\/div>\n\t\t<\/div>\n\t\t\t\t<div class=\"elementor-column elementor-col-33 elementor-inner-column elementor-element elementor-element-f55bcf5 elementor-invisible\" data-id=\"f55bcf5\" data-element_type=\"column\" data-e-type=\"column\" data-settings=\"{&quot;background_background&quot;:&quot;classic&quot;,&quot;animation&quot;:&quot;fadeInUp&quot;,&quot;animation_delay&quot;:&quot;600&quot;}\">\n\t\t\t<div class=\"elementor-widget-wrap elementor-element-populated\">\n\t\t\t\t\t<div class=\"elementor-background-overlay\"><\/div>\n\t\t\t\t\t\t<div class=\"elementor-element elementor-element-12926aa1 elementor-widget elementor-widget-image\" data-id=\"12926aa1\" data-element_type=\"widget\" data-e-type=\"widget\" data-widget_type=\"image.default\">\n\t\t\t\t\t\t\t\t\t\t\t\t\t\t\t<img decoding=\"async\" width=\"2560\" height=\"1703\" src=\"https:\/\/ifmpe.hopeafricaci.org\/wp-content\/uploads\/2026\/03\/african-medical-students-2026-01-08-00-04-21-utc-1-scaled.jpg\" class=\"attachment-full size-full wp-image-211\" alt=\"\" srcset=\"https:\/\/ifmpe.hopeafricaci.org\/wp-content\/uploads\/2026\/03\/african-medical-students-2026-01-08-00-04-21-utc-1-scaled.jpg 2560w, https:\/\/ifmpe.hopeafricaci.org\/wp-content\/uploads\/2026\/03\/african-medical-students-2026-01-08-00-04-21-utc-1-300x200.jpg 300w, https:\/\/ifmpe.hopeafricaci.org\/wp-content\/uploads\/2026\/03\/african-medical-students-2026-01-08-00-04-21-utc-1-1024x681.jpg 1024w, https:\/\/ifmpe.hopeafricaci.org\/wp-content\/uploads\/2026\/03\/african-medical-students-2026-01-08-00-04-21-utc-1-768x511.jpg 768w, https:\/\/ifmpe.hopeafricaci.org\/wp-content\/uploads\/2026\/03\/african-medical-students-2026-01-08-00-04-21-utc-1-1536x1022.jpg 1536w, https:\/\/ifmpe.hopeafricaci.org\/wp-content\/uploads\/2026\/03\/african-medical-students-2026-01-08-00-04-21-utc-1-2048x1363.jpg 2048w\" sizes=\"(max-width: 2560px) 100vw, 2560px\" \/>\t\t\t\t\t\t\t\t\t\t\t\t\t\t\t<\/div>\n\t\t\t\t<div class=\"elementor-element elementor-element-41710b27 elementor-widget elementor-widget-heading\" data-id=\"41710b27\" data-element_type=\"widget\" data-e-type=\"widget\" data-widget_type=\"heading.default\">\n\t\t\t\t\t<h5 class=\"elementor-heading-title elementor-size-default\">Sant\u00e9 et assistance m\u00e9dicale<\/h5>\t\t\t\t<\/div>\n\t\t\t\t<div class=\"elementor-element elementor-element-671a898 elementor-widget elementor-widget-text-editor\" data-id=\"671a898\" data-element_type=\"widget\" data-e-type=\"widget\" data-widget_type=\"text-editor.default\">\n\t\t\t\t\t\t\t\t\t<p>Nous organisons des campagnes de sensibilisation, des actions de pr\u00e9vention et des programmes d\u2019accompagnement pour am\u00e9liorer l\u2019acc\u00e8s aux soins et promouvoir la sant\u00e9 communautaire.<\/p>\t\t\t\t\t\t\t\t<\/div>\n\t\t\t\t<div class=\"elementor-element elementor-element-033de45 elementor-align-center elementor-invisible elementor-widget elementor-widget-button\" data-id=\"033de45\" data-element_type=\"widget\" data-e-type=\"widget\" data-settings=\"{&quot;_animation&quot;:&quot;fadeInUp&quot;,&quot;_animation_delay&quot;:&quot;800&quot;}\" data-widget_type=\"button.default\">\n\t\t\t\t\t\t\t\t\t\t<a class=\"elementor-button elementor-button-link elementor-size-sm\" href=\"https:\/\/ifmpe.hopeafricaci.org\/?page_id=21\">\n\t\t\t\t\t\t<span class=\"elementor-button-content-wrapper\">\n\t\t\t\t\t\t\t\t\t<span class=\"elementor-button-text\">En savoir plus<\/span>\n\t\t\t\t\t<\/span>\n\t\t\t\t\t<\/a>\n\t\t\t\t\t\t\t\t<\/div>\n\t\t\t\t\t<\/div>\n\t\t<\/div>\n\t\t\t\t<div class=\"elementor-column elementor-col-33 elementor-inner-column elementor-element elementor-element-70d5ab0e elementor-invisible\" data-id=\"70d5ab0e\" data-element_type=\"column\" data-e-type=\"column\" data-settings=\"{&quot;background_background&quot;:&quot;classic&quot;,&quot;animation&quot;:&quot;fadeInUp&quot;,&quot;animation_delay&quot;:&quot;700&quot;}\">\n\t\t\t<div class=\"elementor-widget-wrap elementor-element-populated\">\n\t\t\t\t\t<div class=\"elementor-background-overlay\"><\/div>\n\t\t\t\t\t\t<div class=\"elementor-element elementor-element-f5c6b95 elementor-widget elementor-widget-image\" data-id=\"f5c6b95\" data-element_type=\"widget\" data-e-type=\"widget\" data-widget_type=\"image.default\">\n\t\t\t\t\t\t\t\t\t\t\t\t\t\t\t<img decoding=\"async\" width=\"2560\" height=\"1707\" src=\"https:\/\/ifmpe.hopeafricaci.org\/wp-content\/uploads\/2026\/03\/an-african-teacher-is-holding-a-book-with-her-stud-2026-03-19-23-16-55-utc-1-1-scaled.jpg\" class=\"attachment-full size-full wp-image-210\" alt=\"\" srcset=\"https:\/\/ifmpe.hopeafricaci.org\/wp-content\/uploads\/2026\/03\/an-african-teacher-is-holding-a-book-with-her-stud-2026-03-19-23-16-55-utc-1-1-scaled.jpg 2560w, https:\/\/ifmpe.hopeafricaci.org\/wp-content\/uploads\/2026\/03\/an-african-teacher-is-holding-a-book-with-her-stud-2026-03-19-23-16-55-utc-1-1-300x200.jpg 300w, https:\/\/ifmpe.hopeafricaci.org\/wp-content\/uploads\/2026\/03\/an-african-teacher-is-holding-a-book-with-her-stud-2026-03-19-23-16-55-utc-1-1-1024x683.jpg 1024w, https:\/\/ifmpe.hopeafricaci.org\/wp-content\/uploads\/2026\/03\/an-african-teacher-is-holding-a-book-with-her-stud-2026-03-19-23-16-55-utc-1-1-768x512.jpg 768w, https:\/\/ifmpe.hopeafricaci.org\/wp-content\/uploads\/2026\/03\/an-african-teacher-is-holding-a-book-with-her-stud-2026-03-19-23-16-55-utc-1-1-1536x1024.jpg 1536w, https:\/\/ifmpe.hopeafricaci.org\/wp-content\/uploads\/2026\/03\/an-african-teacher-is-holding-a-book-with-her-stud-2026-03-19-23-16-55-utc-1-1-2048x1365.jpg 2048w\" sizes=\"(max-width: 2560px) 100vw, 2560px\" \/>\t\t\t\t\t\t\t\t\t\t\t\t\t\t\t<\/div>\n\t\t\t\t<div class=\"elementor-element elementor-element-55da84ee elementor-widget elementor-widget-heading\" data-id=\"55da84ee\" data-element_type=\"widget\" data-e-type=\"widget\" data-widget_type=\"heading.default\">\n\t\t\t\t\t<h5 class=\"elementor-heading-title elementor-size-default\">\u00c9ducation et accompagnement des jeunes<\/h5>\t\t\t\t<\/div>\n\t\t\t\t<div class=\"elementor-element elementor-element-c22d0f7 elementor-widget elementor-widget-text-editor\" data-id=\"c22d0f7\" data-element_type=\"widget\" data-e-type=\"widget\" data-widget_type=\"text-editor.default\">\n\t\t\t\t\t\t\t\t\t<p>Nous accompagnons les enfants et les jeunes \u00e0 travers des actions \u00e9ducatives, des formations et un soutien scolaire afin de favoriser leur r\u00e9ussite et leur autonomie.<\/p>\t\t\t\t\t\t\t\t<\/div>\n\t\t\t\t<div class=\"elementor-element elementor-element-9817ca1 elementor-align-center elementor-invisible elementor-widget elementor-widget-button\" data-id=\"9817ca1\" data-element_type=\"widget\" data-e-type=\"widget\" data-settings=\"{&quot;_animation&quot;:&quot;fadeInUp&quot;,&quot;_animation_delay&quot;:&quot;800&quot;}\" data-widget_type=\"button.default\">\n\t\t\t\t\t\t\t\t\t\t<a class=\"elementor-button elementor-button-link elementor-size-sm\" href=\"https:\/\/ifmpe.hopeafricaci.org\/?page_id=23\">\n\t\t\t\t\t\t<span class=\"elementor-button-content-wrapper\">\n\t\t\t\t\t\t\t\t\t<span class=\"elementor-button-text\">En savoir plus<\/span>\n\t\t\t\t\t<\/span>\n\t\t\t\t\t<\/a>\n\t\t\t\t\t\t\t\t<\/div>\n\t\t\t\t\t<\/div>\n\t\t<\/div>\n\t\t\t\t\t<\/div>\n\t\t<\/section>\n\t\t\t\t\t<\/div>\n\t\t<\/div>\n\t\t\t\t\t<\/div>\n\t\t<\/section>\n\t\t\t\t<\/div>\n\t\t","protected":false},"excerpt":{"rendered":"<p>Accueil \/ Nos domaines d\u2019intervention Des actions concr\u00e8tes au service des communaut\u00e9s Action sociale et aide communautaire Nous mettons en place des initiatives solidaires pour soutenir les populations vuln\u00e9rables \u00e0 travers des programmes d\u2019assistance, de coh\u00e9sion sociale et de d\u00e9veloppement local. En savoir plus Sant\u00e9 et assistance m\u00e9dicale Nous organisons des campagnes de sensibilisation, des [&hellip;]<\/p>\n","protected":false},"author":1,"featured_media":0,"parent":0,"menu_order":0,"comment_status":"closed","ping_status":"closed","template":"","meta":{"_acf_changed":false,"footnotes":""},"class_list":["post-15","page","type-page","status-publish","hentry"],"acf":[],"_links":{"self":[{"href":"https:\/\/ifmpe.hopeafricaci.org\/index.php?rest_route=\/wp\/v2\/pages\/15","targetHints":{"allow":["GET"]}}],"collection":[{"href":"https:\/\/ifmpe.hopeafricaci.org\/index.php?rest_route=\/wp\/v2\/pages"}],"about":[{"href":"https:\/\/ifmpe.hopeafricaci.org\/index.php?rest_route=\/wp\/v2\/types\/page"}],"author":[{"embeddable":true,"href":"https:\/\/ifmpe.hopeafricaci.org\/index.php?rest_route=\/wp\/v2\/users\/1"}],"replies":[{"embeddable":true,"href":"https:\/\/ifmpe.hopeafricaci.org\/index.php?rest_route=%2Fwp%2Fv2%2Fcomments&post=15"}],"version-history":[{"count":29,"href":"https:\/\/ifmpe.hopeafricaci.org\/index.php?rest_route=\/wp\/v2\/pages\/15\/revisions"}],"predecessor-version":[{"id":422,"href":"https:\/\/ifmpe.hopeafricaci.org\/index.php?rest_route=\/wp\/v2\/pages\/15\/revisions\/422"}],"wp:attachment":[{"href":"https:\/\/ifmpe.hopeafricaci.org\/index.php?rest_route=%2Fwp%2Fv2%2Fmedia&parent=15"}],"curies":[{"name":"wp","href":"https:\/\/api.w.org\/{rel}","templated":true}]}}